{"id":475,"date":"2014-11-18T04:16:08","date_gmt":"2014-11-18T04:16:08","guid":{"rendered":"http:\/\/demo.oceanthemes.net\/ananke\/?page_id=475"},"modified":"2022-04-17T11:13:18","modified_gmt":"2022-04-17T11:13:18","slug":"home-slider-dark","status":"publish","type":"page","link":"http:\/\/www.sevengroup.com.tr\/","title":{"rendered":"Anasayfa"},"content":{"rendered":"<p>[vc_row extra_id=&#8221;home&#8221; fullwidth=&#8221;yes&#8221;][vc_column][rev_slider_vc alias=&#8221;home-slider&#8221;]<a class=\"scroll\" href=\"#about\"><div  class=\"scroll-btn tipped\" data-title=\"ABOUT AGENCY\"><\/div><\/a>[\/vc_column][\/vc_row][vc_row extra_id=&#8221;about&#8221; ses_title=&#8221;Hakk\u0131m\u0131zda&#8221; ses_sub_title=&#8221;1966&#8217;dan bu yana, i\u015fimizi iyi yaparak, kendimizi s\u00fcrekli geli\u015ftirerek ve verdi\u011fimiz s\u00f6zleri tutarak, in\u015faat sekt\u00f6r\u00fcn\u00fc olumlu y\u00f6nde d\u00f6n\u00fc\u015ft\u00fcrmek \u00fczere t\u00fcm g\u00fcc\u00fcm\u00fczle \u00e7al\u0131\u015f\u0131yoruz.&#8221; css=&#8221;.vc_custom_1444447662090{padding-top: 60px !important;padding-bottom: 60px !important;background-color: #292929 !important;}&#8221;][vc_column width=&#8221;1\/3&#8243; column_effect=&#8221;topmove&#8221;]\t\n\t<div class=\"about-what-we-do\" data-scrollreveal=\"enter bottom and move 150px over 1s\">\n\t\t<div class=\"icon-left1\"><i class=\"fa fa-heart-circle-plus\"><\/i><\/div>\n\t\t<h5>M\u00fc\u015fteri Memnuniyeti<\/h5>\n\t\t<p>Seven Group, m\u00fc\u015fteri memnuniyetini kendine felsefe edinmi\u015f bir firmad\u0131r.<\/p>\n\t<\/div>\n\n[\/vc_column][vc_column width=&#8221;1\/3&#8243;]\t\n\t<div class=\"about-what-we-do\" data-scrollreveal=\"enter bottom and move 150px over 1s\">\n\t\t<div class=\"icon-left1\"><i class=\"fa fa-handshake-simple\"><\/i><\/div>\n\t\t<h5>hizmet anlay\u0131\u015f\u0131<\/h5>\n\t\t<p>M\u00fc\u015fterilerimizin i\u015flerini kusursuz olmas\u0131n\u0131 sa\u011flar\u0131z.<\/p>\n\t<\/div>\n\n[\/vc_column][vc_column width=&#8221;1\/3&#8243;]\t\n\t<div class=\"about-what-we-do\" data-scrollreveal=\"enter bottom and move 150px over 1s\">\n\t\t<div class=\"icon-left1\"><i class=\"fa fa-users-viewfinder\"><\/i><\/div>\n\t\t<h5>ileri teknoloji<\/h5>\n\t\t<p>Son teknoloji \u00fcr\u00fcnler ile hizmet veriyoruz.<\/p>\n\t<\/div>\n\n[\/vc_column][\/vc_row][vc_row fullwidth=&#8221;yes&#8221;][vc_column]\t\n\t<div class=\"video-sections\">\n\t\t<div class=\"video-section-1\"  >\n\t\t\t\t\t\t\t<video id=\"video_background\" preload=\"auto\" autoplay loop muted volume=\"0\" poster=\"\" playsinline> \n\t\t\t\t\t<source src=\"http:\/\/vegatheme.com\/videos\/video.webm\" type=\"video\/webm\"> \n\t\t\t\t\t<source src=\"http:\/\/vegatheme.com\/videos\/video.mp4\" type=\"video\/mp4\"> \n\t\t\t\t\t<source src=\"http:\/\/vegatheme.com\/videos\/video.ogg\" type=\"video\/ogg\">\t\t\t\t<\/video>\n\t\t\t\n\t\t\t\t\t\t<div class=\"just_pattern\"><\/div>\n\t\t\t\n\t\t\t<div class=\"text-over-video\">SEVEN GROUP<\/div>\t\n\t\t<\/div>\t\n\t\t<div class=\"video-section-2\">\t\n\t\t\t<div class=\"container\">\n\t\t\t\t<div class=\"nine columns padding-top-video-sec2\" data-scrollreveal=\"enter right and move 150px over 1s\">\n\t\t\t\t\t<\/p>\n<h5>\u015e\u0130RKET POL\u0130T\u0130KAMIZ<\/h5>\n<p>\u015eirket Politikam\u0131z, payda\u015flar\u0131m\u0131z\u0131n en iyi hizmeti almas\u0131n\u0131 sa\u011flamakt\u0131r.\t\t\t\t<\/div>\n\t\t\t\t<div class=\"nine columns\" data-scrollreveal=\"enter right and move 150px over 1s\">\n\t\t\t\t\t<\/p>\n<h5>M\u0130SYONUMUZ<\/h5>\n<p>Misyonumuz, alan\u0131nda uzman, donan\u0131ml\u0131 personellerimiz, tecr\u00fcbeli teknik servis ekibimiz, Ar-ge faaliyetlerimiz ve son teknoloji tasar\u0131m anlay\u0131\u015f\u0131m\u0131z sayesinde \u00fcr\u00fcn gam\u0131m\u0131z\u0131 her ge\u00e7en g\u00fcn geni\u015fleterek mevcut ve potansiyel payda\u015flar\u0131m\u0131z\u0131n hizmetine sunmakt\u0131r.\t\t\t\t<\/div>\n\t\t\t\t<div class=\"nine columns\" data-scrollreveal=\"enter right and move 150px over 1s\">\n\t\t\t\t\t<\/p>\n<h5>V\u0130ZYONUMUZ<\/h5>\n<p>Vizyonumuz, yenilik\u00e7i bak\u0131\u015f a\u00e7\u0131m\u0131z ve fark yaratan Ar-ge faaliyetlerimiz ile farkl\u0131 \u00fcr\u00fcn gruplar\u0131 i\u00e7in uluslararas\u0131 kalite standartlar\u0131nda geli\u015ftirdi\u011fimiz \u00fcr\u00fcn ve hizmetlerimizi, t\u00fcm d\u00fcnya pazar\u0131 ile bulu\u015fturmak ve payda\u015flar\u0131m\u0131za maksimum fayda sa\u011flayarak sekt\u00f6rde \u00f6nc\u00fc marka konumunda olmakt\u0131r.\t\t\t\t<\/div>\n\t\t\t<\/div>\n\t\t<\/div>\t\n\t<\/div>\n\n[\/vc_column][\/vc_row][vc_row ses_title=&#8221;KURUMLAR&#8221; ses_sub_title=&#8221;HER B\u0130R\u0130 ALANINDA B\u0130R \u00c7OK BA\u015eARIYA \u0130MZA ATMI\u015e, M\u00dc\u015eTER\u0130LER\u0130NE G\u00dcVEN VERM\u0130\u015e F\u0130RMALARDIR.&#8221; css=&#8221;.vc_custom_1416284455490{padding-top: 60px !important;padding-bottom: 60px !important;background-color: #292929 !important;}&#8221;][vc_column width=&#8221;1\/4&#8243;]\t\n\t<div class=\"link-work\" data-scrollreveal=\"enter top and move 150px over 1s\">\n\t\t<h6><\/h6>\n\t\t<div class=\"cl-effect-5\">\n\t\t\t<a class=\"scroll\" href=\"https:\/\/www.facebook.com\/belenyapi\/\">\n\t\t\t\t<span data-hover=\"t\u0131kla\">BELEN CONSTRUCTION<\/span>\n\t\t\t<\/a>\n\t\t<\/div>\n\t<\/div>\n\n\n\t<div class=\"\" data-scrollreveal=\"enter bottom and move 150px over 1s\">\n\t\t<div class=\"team-wrap\">\t\n\t\t\t<img src=\"http:\/\/www.sevengroup.com.tr\/wp-content\/uploads\/2022\/03\/Kahverengi-ve-Altin-Rengi-Zarif-Tipografik-Finans-Organizasyon-Eposta-Imzasi-500-\u00d7-500-piksel-9.png\" alt=\"Belen \u0130n\u015faat\"\/>\t\t\t<h5>Belen \u0130n\u015faat<\/h5>\n\t\t\t<p><\/p>\n\t\t\t<div class=\"team-line\"><\/div>\n\t\t\t<div class=\"team-desc\"><\/div> \n\t\t\t<div class=\"social-team\">\n\t\t\t\t<ul class=\"team-social\">\n\t\t\t\t\t\t\t\t\t\t\t<li class=\"icon-team tipped\" data-title=\"twitter\"  data-tipper-options='{\"direction\":\"top\",\"follow\":\"true\"}'>\n\t\t\t\t\t\t\t<a href=\"https:\/\/twitter.com\/beleninsaat\" target=\"_blank\"><i class=\"fa fa-twitter\"><\/i><\/a>\t\t\t\t\t\t<\/li>\n\t\t\t\t\t\t\t\t\t\t\t\t\t\t\t\t<li class=\"icon-team tipped\" data-title=\"facebook\"  data-tipper-options='{\"direction\":\"top\",\"follow\":\"true\"}'>\n\t\t\t\t\t\t\t<a href=\"https:\/\/www.facebook.com\/belenyapi\/\" target=\"_blank\"><i class=\"fa fa-facebook\"><\/i><\/a>\t\t\t\t\t\t<\/li>\n\t\t\t\t\t\t\t\t\t\t\t\t\t\t\t\t<li class=\"icon-team tipped\" data-title=\"instagram\"  data-tipper-options='{\"direction\":\"top\",\"follow\":\"true\"}'>\n\t\t\t\t\t\t\t<a href=\"https:\/\/www.instagram.com\/beleninsaat\/\" target=\"_blank\"><i class=\"fa fa-instagram\"><\/i><\/a>\t\t\t\t\t\t<\/li>\n\t\t\t\t\t\t\t\t\t\t\t\t\t\t<\/ul>\t\n\t\t\t<\/div>\t\t\t\t\t\t\t\t\n\t\t<\/div>\n\t<\/div>\n\n[\/vc_column][vc_column width=&#8221;1\/4&#8243;]\t\n\t<div class=\"link-work\" data-scrollreveal=\"enter top and move 150px over 1s\">\n\t\t<h6><\/h6>\n\t\t<div class=\"cl-effect-5\">\n\t\t\t<a class=\"scroll\" href=\"http:\/\/www.alsacetransport.com\/\">\n\t\t\t\t<span data-hover=\"TIKLA\">ALSACE TRANSPORT<\/span>\n\t\t\t<\/a>\n\t\t<\/div>\n\t<\/div>\n\n\n\t<div class=\"\" data-scrollreveal=\"enter bottom and move 150px over 1s\">\n\t\t<div class=\"team-wrap\">\t\n\t\t\t<img src=\"http:\/\/www.sevengroup.com.tr\/wp-content\/uploads\/2022\/03\/Kahverengi-ve-Altin-Rengi-Zarif-Tipografik-Finans-Organizasyon-Eposta-Imzasi-500-\u00d7-500-piksel-10.png\" alt=\"alcase transport\"\/>\t\t\t<h5>alcase transport<\/h5>\n\t\t\t<p><\/p>\n\t\t\t<div class=\"team-line\"><\/div>\n\t\t\t<div class=\"team-desc\"><\/div> \n\t\t\t<div class=\"social-team\">\n\t\t\t\t<ul class=\"team-social\">\n\t\t\t\t\t\t\t\t\t\t\t<li class=\"icon-team tipped\" data-title=\"instagram\"  data-tipper-options='{\"direction\":\"top\",\"follow\":\"true\"}'>\n\t\t\t\t\t\t\t<a href=\"https:\/\/www.instagram.com\/alsacetransport\/\" target=\"_blank\"><i class=\"fa fa-instagram\"><\/i><\/a>\t\t\t\t\t\t<\/li>\n\t\t\t\t\t\t\t\t\t\t\t\t\t\t\t\t<li class=\"icon-team tipped\" data-title=\"facebook\"  data-tipper-options='{\"direction\":\"top\",\"follow\":\"true\"}'>\n\t\t\t\t\t\t\t<a href=\"#\" target=\"_blank\"><i class=\"fa fa-facebook\"><\/i><\/a>\t\t\t\t\t\t<\/li>\n\t\t\t\t\t\t\t\t\t\t\t\t\t\t\t\t\t\t\t<\/ul>\t\n\t\t\t<\/div>\t\t\t\t\t\t\t\t\n\t\t<\/div>\n\t<\/div>\n\n[\/vc_column][vc_column width=&#8221;1\/4&#8243;]\t\n\t<div class=\"link-work\" data-scrollreveal=\"enter top and move 150px over 1s\">\n\t\t<h6><\/h6>\n\t\t<div class=\"cl-effect-5\">\n\t\t\t<a class=\"scroll\" href=\"http:\/\/www.sevengroup.com.tr\">\n\t\t\t\t<span data-hover=\"TIKLA\">SEVEN GROUP<\/span>\n\t\t\t<\/a>\n\t\t<\/div>\n\t<\/div>\n\n\n\t<div class=\"\" data-scrollreveal=\"enter bottom and move 150px over 1s\">\n\t\t<div class=\"team-wrap\">\t\n\t\t\t<img src=\"http:\/\/www.sevengroup.com.tr\/wp-content\/uploads\/2022\/03\/cropped-WhatsApp-Image-2022-03-06-at-18.36.32.jpeg\" alt=\"Seven group\"\/>\t\t\t<h5>Seven group<\/h5>\n\t\t\t<p><\/p>\n\t\t\t<div class=\"team-line\"><\/div>\n\t\t\t<div class=\"team-desc\"><\/div> \n\t\t\t<div class=\"social-team\">\n\t\t\t\t<ul class=\"team-social\">\n\t\t\t\t\t\t\t\t\t\t\t<li class=\"icon-team tipped\" data-title=\"twitter\"  data-tipper-options='{\"direction\":\"top\",\"follow\":\"true\"}'>\n\t\t\t\t\t\t\t<a href=\"#\" target=\"_blank\"><i class=\"fa fa-twitter\"><\/i><\/a>\t\t\t\t\t\t<\/li>\n\t\t\t\t\t\t\t\t\t\t\t\t\t\t\t\t<li class=\"icon-team tipped\" data-title=\"facebook\"  data-tipper-options='{\"direction\":\"top\",\"follow\":\"true\"}'>\n\t\t\t\t\t\t\t<a href=\"#\" target=\"_blank\"><i class=\"fa fa-facebook\"><\/i><\/a>\t\t\t\t\t\t<\/li>\n\t\t\t\t\t\t\t\t\t\t\t\t\t\t\t\t<li class=\"icon-team tipped\" data-title=\"instagram\"  data-tipper-options='{\"direction\":\"top\",\"follow\":\"true\"}'>\n\t\t\t\t\t\t\t<a href=\"#\" target=\"_blank\"><i class=\"fa fa-instagram\"><\/i><\/a>\t\t\t\t\t\t<\/li>\n\t\t\t\t\t\t\t\t\t\t\t\t\t\t<\/ul>\t\n\t\t\t<\/div>\t\t\t\t\t\t\t\t\n\t\t<\/div>\n\t<\/div>\n\n[\/vc_column][vc_column width=&#8221;1\/4&#8243;]\t\n\t<div class=\"link-work\" data-scrollreveal=\"enter top and move 150px over 1s\">\n\t\t<h6><\/h6>\n\t\t<div class=\"cl-effect-5\">\n\t\t\t<a class=\"scroll\" href=\"http:\/\/www.konsepthalic.com\/\">\n\t\t\t\t<span data-hover=\"TIKLA\">KONSEPT HALIC<\/span>\n\t\t\t<\/a>\n\t\t<\/div>\n\t<\/div>\n\n\n\t<div class=\"\" data-scrollreveal=\"enter bottom and move 150px over 1s\">\n\t\t<div class=\"team-wrap\">\t\n\t\t\t<img src=\"http:\/\/www.sevengroup.com.tr\/wp-content\/uploads\/2022\/03\/Adsiz-tasarim-54.png\" alt=\"konsept hali\u00e7\"\/>\t\t\t<h5>konsept hali\u00e7<\/h5>\n\t\t\t<p><\/p>\n\t\t\t<div class=\"team-line\"><\/div>\n\t\t\t<div class=\"team-desc\"><\/div> \n\t\t\t<div class=\"social-team\">\n\t\t\t\t<ul class=\"team-social\">\n\t\t\t\t\t\t\t\t\t\t\t<li class=\"icon-team tipped\" data-title=\"twitter\"  data-tipper-options='{\"direction\":\"top\",\"follow\":\"true\"}'>\n\t\t\t\t\t\t\t<a href=\"https:\/\/twitter.com\/konsepthalic\" target=\"_blank\"><i class=\"fa fa-twitter\"><\/i><\/a>\t\t\t\t\t\t<\/li>\n\t\t\t\t\t\t\t\t\t\t\t\t\t\t\t\t<li class=\"icon-team tipped\" data-title=\"facebook\"  data-tipper-options='{\"direction\":\"top\",\"follow\":\"true\"}'>\n\t\t\t\t\t\t\t<a href=\"https:\/\/www.facebook.com\/konsepthalickizyurdu\" target=\"_blank\"><i class=\"fa fa-facebook\"><\/i><\/a>\t\t\t\t\t\t<\/li>\n\t\t\t\t\t\t\t\t\t\t\t\t\t\t\t\t<li class=\"icon-team tipped\" data-title=\"instagram\"  data-tipper-options='{\"direction\":\"top\",\"follow\":\"true\"}'>\n\t\t\t\t\t\t\t<a href=\"https:\/\/www.instagram.com\/konsepthalic\/\" target=\"_blank\"><i class=\"fa fa-instagram\"><\/i><\/a>\t\t\t\t\t\t<\/li>\n\t\t\t\t\t\t\t\t\t\t\t\t\t\t<\/ul>\t\n\t\t\t<\/div>\t\t\t\t\t\t\t\t\n\t\t<\/div>\n\t<\/div>\n\n[\/vc_column][\/vc_row][vc_row wrap_class=&#8221;yes&#8221; fullwidth=&#8221;yes&#8221; css=&#8221;.vc_custom_1416045845047{background-image: url(http:\/\/demo.oceanthemes.net\/ananke\/dark\/wp-content\/uploads\/sites\/2\/2014\/11\/4.jpg?id=447) !important;background-position: center !important;background-repeat: no-repeat !important;background-size: cover !important;}&#8221;][vc_column]\t\n\t<div class=\"slideshow\" id=\"slideshow\">\n\t\t<ol class=\"slides\">\n\t\t\t\t\t\t<li class=\"current\">\n\t\t\t\t<div class=\"description\">\n\t\t\t\t\t<h4>\u0130\u015flerimiz<\/h4>\n\t\t\t\t\t<p><p>Seven Group olarak yapt\u0131\u011f\u0131m\u0131z ve devam eden projelerimiz<\/p>\n<\/p>\n\t\t\t\t<\/div>\n\t\t\t\t<div class=\"tiltview col\">\t\n\t\t\t\t\t\t\t\t\t\t\t\t\t\t\t\t\t<div><a href=\"http:\/\/themeforest.net\/user\/oceanthemes\"><img src=\"http:\/\/www.sevengroup.com.tr\/wp-content\/uploads\/2014\/11\/11-16_35-scaled.jpg\" alt=\"\" \/><\/a><\/div> \n\t\t\t\t\t\t\t\t\n\n\t\t\t\t\t\t\t\t\t\t\t\t\t\t\t\t<div><a href=\"http:\/\/themeforest.net\/user\/oceanthemes\"><img src=\"http:\/\/www.sevengroup.com.tr\/wp-content\/uploads\/2014\/11\/11-16_12-scaled.jpg\" alt=\"\" \/><\/a><\/div>\n\t\t\t\t\t\t\t\t\t\t\n\t\t\t\t<\/div>\n\t\t\t<\/li>\n\t\t\t\t\t\t<li class=\"\">\n\t\t\t\t<div class=\"description\">\n\t\t\t\t\t<h4>\u0130\u015flerimiz<\/h4>\n\t\t\t\t\t<p><p>Seven Group olarak yapt\u0131\u011f\u0131m\u0131z ve devam eden projelerimiz<\/p>\n<\/p>\n\t\t\t\t<\/div>\n\t\t\t\t<div class=\"tiltview row\">\t\n\t\t\t\t\t\t\t\t\t\t\t\t\t\t\t\t\t<div><a href=\"#\"><img src=\"http:\/\/www.sevengroup.com.tr\/wp-content\/uploads\/2014\/11\/IMG_9192-scaled.jpg\" alt=\"\" \/><\/a><\/div> \n\t\t\t\t\t\t\t\t\n\n\t\t\t\t\t\t\t\t\t\t\t\t\t\t\t\t<div><a href=\"#\"><img src=\"http:\/\/www.sevengroup.com.tr\/wp-content\/uploads\/2014\/11\/IMAG0221-scaled.jpg\" alt=\"\" \/><\/a><\/div>\n\t\t\t\t\t\t\t\t\t\t\n\t\t\t\t<\/div>\n\t\t\t<\/li>\n\t\t\t\t\t\t<li class=\"\">\n\t\t\t\t<div class=\"description\">\n\t\t\t\t\t<h4>\u0130\u015flerimiz<\/h4>\n\t\t\t\t\t<p><p>Seven Group olarak yapt\u0131\u011f\u0131m\u0131z ve devam eden projelerimiz<\/p>\n<\/p>\n\t\t\t\t<\/div>\n\t\t\t\t<div class=\"tiltview col\">\t\n\t\t\t\t\t\t\t\t\t\t\t\t\t\t\t\t\t<div><a href=\"#\"><img src=\"http:\/\/www.sevengroup.com.tr\/wp-content\/uploads\/2014\/11\/IMG_4476-1.jpg\" alt=\"\" \/><\/a><\/div> \n\t\t\t\t\t\t\t\t\n\n\t\t\t\t\t\t\t\t\t\t\t\t\t\t\t\t<div><a href=\"#\"><img src=\"http:\/\/www.sevengroup.com.tr\/wp-content\/uploads\/2014\/11\/Ekran-Resmi-2017-01-26-13.03.52.png\" alt=\"\" \/><\/a><\/div>\n\t\t\t\t\t\t\t\t\t\t\n\t\t\t\t<\/div>\n\t\t\t<\/li>\n\t\t\t\t\t<\/ol>\t\n\t<\/div>\n\t\n\t<script type=\"text\/javascript\">\n\t\twindow.jQuery = window.$ = jQuery;  \n\t\t(function($) { \"use strict\";\n\t\t\tnew TiltSlider( document.getElementById( 'slideshow' ) );\n\t\t\t\t\t})(jQuery);\t\n    <\/script>\n\n[\/vc_column][\/vc_row][vc_row css=&#8221;.vc_custom_1415870893395{padding-top: 40px !important;padding-bottom: 20px !important;}&#8221;][vc_column]\t\n\t<div class=\"link-work\" data-scrollreveal=\"enter top and move 150px over 1s\">\n\t\t<h6>Hizmetlerimizi be\u011feniyor musunuz?<\/h6>\n\t\t<div class=\"cl-effect-5\">\n\t\t\t<a class=\"scroll\" href=\"#contact\">\n\t\t\t\t<span data-hover=\"contact us\">T\u0131klay\u0131n\u0131z<\/span>\n\t\t\t<\/a>\n\t\t<\/div>\n\t<\/div>\n\n[\/vc_column][\/vc_row][vc_row wrap_class=&#8221;yes&#8221; css=&#8221;.vc_custom_1415977209924{padding-top: 100px !important;padding-bottom: 100px !important;background-image: url(http:\/\/demo.oceanthemes.net\/ananke\/dark\/wp-content\/uploads\/sites\/2\/2014\/11\/6.jpg?id=371) !important;background-position: center !important;background-repeat: no-repeat !important;background-size: cover !important;}&#8221;][vc_column width=&#8221;1\/4&#8243;]\t\n\t<div class=\"facts-wrap\">\n\t\t<div class=\"facts-wrap-num\"><span class=\"counter\">+99<\/span><\/div>\n\t\t<h5>M\u00fc\u015fteri<\/h5> \n\t<\/div>\n\n[\/vc_column][vc_column width=&#8221;1\/4&#8243;]\t\n\t<div class=\"facts-wrap\">\n\t\t<div class=\"facts-wrap-num\"><span class=\"counter\">+25<\/span><\/div>\n\t\t<h5>proje<\/h5> \n\t<\/div>\n\n[\/vc_column][vc_column width=&#8221;1\/4&#8243;]\t\n\t<div class=\"facts-wrap\">\n\t\t<div class=\"facts-wrap-num\"><span class=\"counter\">4<\/span><\/div>\n\t\t<h5>sekt\u00f6r<\/h5> \n\t<\/div>\n\n[\/vc_column][vc_column width=&#8221;1\/4&#8243;]\t\n\t<div class=\"facts-wrap\">\n\t\t<div class=\"facts-wrap-num\"><span class=\"counter\">11<\/span><\/div>\n\t\t<h5>\u00fclke<\/h5> \n\t<\/div>\n\n[\/vc_column][\/vc_row][vc_row extra_id=&#8221;services&#8221; ses_title=&#8221;Hizmetler&#8221; ses_sub_title=&#8221;SEVEN FROUP&#8217;UN AYRICALIKLI H\u0130ZMETLER\u0130NDEN S\u0130ZDE FAYDALANAB\u0130L\u0130RS\u0130N\u0130Z&#8221; css=&#8221;.vc_custom_1416284516432{padding-top: 60px !important;padding-bottom: 60px !important;background-color: #292929 !important;}&#8221;][vc_column width=&#8221;1\/3&#8243;]\t\n\t<div class=\"\">\n\t\t\t\t\t<div class=\"services-offer service-icon-svg\">\n\t\t\t\t\t\t\t\t\t<span class=\"svg-icon flat-filled\" id=\"filled-plane\"><\/span>\n\t\t\t\t\t\t\t\t<h5>LOJ\u0130ST\u0130K<\/h5>\n\t\t\t\t<p>Alsacetransport ile d\u00fcnya art\u0131k daha yak\u0131n.<\/p>\n\t\t\t<\/div>\n\t\t\t<\/div>\n\n[\/vc_column][vc_column width=&#8221;1\/3&#8243;]\t\n\t<div class=\"\">\n\t\t\t\t\t<div class=\"services-offer service-icon-svg\">\n\t\t\t\t\t\t\t\t\t<span class=\"svg-icon flat-filled\" id=\"filled-home\"><\/span>\n\t\t\t\t\t\t\t\t<h5>\u0130N\u015eAAT<\/h5>\n\t\t\t\t<p>Belen Yap\u0131 ile L\u00fcks konut projelerinin tan\u0131m\u0131 de\u011fi\u015fti.<\/p>\n\t\t\t<\/div>\n\t\t\t<\/div>\n\n[\/vc_column][vc_column width=&#8221;1\/3&#8243;]\t\n\t<div class=\"\">\n\t\t\t\t\t<div class=\"services-offer service-icon-svg\">\n\t\t\t\t\t\t\t\t\t<span class=\"svg-icon flat-filled\" id=\"filled-user\"><\/span>\n\t\t\t\t\t\t\t\t<h5>YURTLAR<\/h5>\n\t\t\t\t<p>Konsept Hali\u00e7 K\u0131z \u00d6\u011frenci Yurtlar\u0131 \u0130stanbul&#8217;un her yerinde hizmet veriyor.<\/p>\n\t\t\t<\/div>\n\t\t\t<\/div>\n\n[\/vc_column][vc_column width=&#8221;1\/3&#8243;]\t\n\t<div class=\"\">\n\t\t\t\t\t<div class=\"services-offer service-icon-svg\">\n\t\t\t\t\t\t\t\t\t<span class=\"svg-icon flat-filled\" id=\"filled-flag\"><\/span>\n\t\t\t\t\t\t\t\t<h5>\u0130THALAT-\u0130HRACAT<\/h5>\n\t\t\t\t<p>Seven Group ithalat ve ihracat sekt\u00f6r\u00fcn\u00fcn \u00f6nemli bir firmas\u0131d\u0131r.<\/p>\n\t\t\t<\/div>\n\t\t\t<\/div>\n\n[\/vc_column][vc_column width=&#8221;1\/3&#8243;]\t\n\t<div class=\"\">\n\t\t\t\t\t<div class=\"services-offer service-icon-svg\">\n\t\t\t\t\t\t\t\t\t<span class=\"svg-icon flat-filled\" id=\"filled-diamond\"><\/span>\n\t\t\t\t\t\t\t\t<h5>GRAN\u0130T<\/h5>\n\t\t\t\t<p>En kaliteli granit mermer ta\u015flar\u0131n adresi Seven Group<\/p>\n\t\t\t<\/div>\n\t\t\t<\/div>\n\n[\/vc_column][vc_column width=&#8221;1\/3&#8243;]\t\n\t<div class=\"\">\n\t\t\t\t\t<div class=\"services-offer service-icon-svg\">\n\t\t\t\t\t\t\t\t\t<span class=\"svg-icon flat-filled\" id=\"filled-thumbsup\"><\/span>\n\t\t\t\t\t\t\t\t<h5>Gayrimenkul<\/h5>\n\t\t\t\t<p>Konsept projelerin al\u0131m sat\u0131m\u0131 Seven Group&#8217;ta<\/p>\n\t\t\t<\/div>\n\t\t\t<\/div>\n\n[\/vc_column][\/vc_row][vc_row extra_id=&#8221;contact&#8221; ses_title=&#8221;FORM&#8221; ses_sub_title=&#8221;SEVEN GROUP AYRICALIKLARI \u0130\u00c7\u0130N&#8221; css=&#8221;.vc_custom_1415894433925{padding-bottom: 0px !important;}&#8221;][vc_column]<div role=\"form\" class=\"wpcf7\" id=\"wpcf7-f9-o1\" lang=\"tr-TR\" dir=\"ltr\">\n<div class=\"screen-reader-response\"><p role=\"status\" aria-live=\"polite\" aria-atomic=\"true\"><\/p> <ul><\/ul><\/div>\n<form action=\"\/index.php?rest_route=%2Fwp%2Fv2%2Fpages%2F475#wpcf7-f9-o1\" method=\"post\" class=\"wpcf7-form init\" novalidate=\"novalidate\" data-status=\"init\">\n<div style=\"display: none;\">\n<input type=\"hidden\" name=\"_wpcf7\" value=\"9\" \/>\n<input type=\"hidden\" name=\"_wpcf7_version\" value=\"5.5.6\" \/>\n<input type=\"hidden\" name=\"_wpcf7_locale\" value=\"tr_TR\" \/>\n<input type=\"hidden\" name=\"_wpcf7_unit_tag\" value=\"wpcf7-f9-o1\" \/>\n<input type=\"hidden\" name=\"_wpcf7_container_post\" value=\"0\" \/>\n<input type=\"hidden\" name=\"_wpcf7_posted_data_hash\" value=\"\" \/>\n<\/div>\n<p><label> Ad\u0131n\u0131z<br \/>\n    <span class=\"wpcf7-form-control-wrap your-name\"><input type=\"text\" name=\"your-name\" value=\"\" size=\"40\" class=\"wpcf7-form-control wpcf7-text wpcf7-validates-as-required\" aria-required=\"true\" aria-invalid=\"false\" \/><\/span> <\/label><\/p>\n<p><label> E-posta adresiniz<br \/>\n    <span class=\"wpcf7-form-control-wrap your-email\"><input type=\"email\" name=\"your-email\" value=\"\" size=\"40\" class=\"wpcf7-form-control wpcf7-text wpcf7-email wpcf7-validates-as-required wpcf7-validates-as-email\" aria-required=\"true\" aria-invalid=\"false\" \/><\/span> <\/label><\/p>\n<p><label> Konu<br \/>\n    <span class=\"wpcf7-form-control-wrap your-subject\"><input type=\"text\" name=\"your-subject\" value=\"\" size=\"40\" class=\"wpcf7-form-control wpcf7-text wpcf7-validates-as-required\" aria-required=\"true\" aria-invalid=\"false\" \/><\/span> <\/label><\/p>\n<p><label> \u0130letiniz (tercihe ba\u011fl\u0131)<br \/>\n    <span class=\"wpcf7-form-control-wrap your-message\"><textarea name=\"your-message\" cols=\"40\" rows=\"10\" class=\"wpcf7-form-control wpcf7-textarea\" aria-invalid=\"false\"><\/textarea><\/span> <\/label><\/p>\n<p><input type=\"submit\" value=\"G\u00f6nder\" class=\"wpcf7-form-control has-spinner wpcf7-submit\" \/><\/p>\n<div class=\"wpcf7-response-output\" aria-hidden=\"true\"><\/div><\/form><\/div>[\/vc_column][\/vc_row][vc_row][vc_column width=&#8221;1\/2&#8243;]\t\n\t<div class=\"contact-wrap\">\n\t\t<p><i class=\"fa fa-phone\"><\/i><span>Telefon<\/span> (0212) 689 13 52 <small><em>Pazartesi\u2013Cuma | 09:00-18:00<\/em><\/small><\/p>\t\n\t<\/div>\n\n[\/vc_column][vc_column width=&#8221;1\/2&#8243;]\t\n\t<div class=\"contact-wrap\">\n\t\t<p><i class=\"fa fa-map-marker\"><\/i><span>ADRES<\/span> Merkez Mahallesi, Ordu Cd., No:38\/A, <em>Ey\u00fcp<\/em>, \u0130stanbul:<\/p>\t\n\t<\/div>\n\n[\/vc_column][\/vc_row][vc_row fullwidth=&#8221;yes&#8221; css=&#8221;.vc_custom_1415971339059{padding-bottom: 60px !important;}&#8221;][vc_column][\/vc_column][\/vc_row]<\/p>\n","protected":false},"excerpt":{"rendered":"<p>[vc_row extra_id=&#8221;home&#8221; fullwidth=&#8221;yes&#8221;][vc_column][rev_slider_vc alias=&#8221;home-slider&#8221;][\/vc_column][\/vc_row][vc_row extra_id=&#8221;about&#8221; ses_title=&#8221;Hakk\u0131m\u0131zda&#8221; ses_sub_title=&#8221;1966&#8217;dan bu yana, i\u015fimizi iyi yaparak, kendimizi s\u00fcrekli geli\u015ftirerek ve verdi\u011fimiz s\u00f6zleri tutarak, in\u015faat sekt\u00f6r\u00fcn\u00fc olumlu y\u00f6nde d\u00f6n\u00fc\u015ft\u00fcrmek \u00fczere t\u00fcm g\u00fcc\u00fcm\u00fczle \u00e7al\u0131\u015f\u0131yoruz.&#8221; css=&#8221;.vc_custom_1444447662090{padding-top: 60px !important;padding-bottom: 60px !important;background-color: #292929 !important;}&#8221;][vc_column width=&#8221;1\/3&#8243; column_effect=&#8221;topmove&#8221;][\/vc_column][vc_column width=&#8221;1\/3&#8243;][\/vc_column][vc_column width=&#8221;1\/3&#8243;][\/vc_column][\/vc_row][vc_row fullwidth=&#8221;yes&#8221;][vc_column][\/vc_column][\/vc_row][vc_row ses_title=&#8221;KURUMLAR&#8221; ses_sub_title=&#8221;HER B\u0130R\u0130 ALANINDA B\u0130R \u00c7OK BA\u015eARIYA \u0130MZA ATMI\u015e, M\u00dc\u015eTER\u0130LER\u0130NE G\u00dcVEN VERM\u0130\u015e F\u0130RMALARDIR.&#8221; css=&#8221;.vc_custom_1416284455490{padding-top: 60px [&hellip;]<\/p>\n","protected":false},"author":1,"featured_media":0,"parent":0,"menu_order":0,"comment_status":"open","ping_status":"open","template":"page-templates\/template-canvas.php","meta":{"_mi_skip_tracking":false},"_links":{"self":[{"href":"http:\/\/www.sevengroup.com.tr\/index.php?rest_route=\/wp\/v2\/pages\/475"}],"collection":[{"href":"http:\/\/www.sevengroup.com.tr\/index.php?rest_route=\/wp\/v2\/pages"}],"about":[{"href":"http:\/\/www.sevengroup.com.tr\/index.php?rest_route=\/wp\/v2\/types\/page"}],"author":[{"embeddable":true,"href":"http:\/\/www.sevengroup.com.tr\/index.php?rest_route=\/wp\/v2\/users\/1"}],"replies":[{"embeddable":true,"href":"http:\/\/www.sevengroup.com.tr\/index.php?rest_route=%2Fwp%2Fv2%2Fcomments&post=475"}],"version-history":[{"count":23,"href":"http:\/\/www.sevengroup.com.tr\/index.php?rest_route=\/wp\/v2\/pages\/475\/revisions"}],"predecessor-version":[{"id":2580,"href":"http:\/\/www.sevengroup.com.tr\/index.php?rest_route=\/wp\/v2\/pages\/475\/revisions\/2580"}],"wp:attachment":[{"href":"http:\/\/www.sevengroup.com.tr\/index.php?rest_route=%2Fwp%2Fv2%2Fmedia&parent=475"}],"curies":[{"name":"wp","href":"https:\/\/api.w.org\/{rel}","templated":true}]}}